{"id":16755,"date":"2025-05-29T19:36:53","date_gmt":"2025-05-29T17:36:53","guid":{"rendered":"https:\/\/dev.corporacionladylee.com\/wordpress\/?page_id=16755"},"modified":"2026-01-16T01:09:58","modified_gmt":"2026-01-16T00:09:58","slug":"divisiones","status":"publish","type":"page","link":"https:\/\/dev.corporacionladylee.com\/wordpress\/divisiones\/","title":{"rendered":"Divisiones"},"content":{"rendered":"\t\t<div data-elementor-type=\"wp-page\" data-elementor-id=\"16755\" class=\"elementor elementor-16755\">\n\t\t\t\t<div class=\"elementor-element elementor-element-701f18c e-flex e-con-boxed e-con e-parent\" data-id=\"701f18c\" data-element_type=\"container\">\n\t\t\t\t\t<div class=\"e-con-inner\">\n\t\t<div class=\"elementor-element elementor-element-672b8dc e-con-full e-flex e-con e-child\" data-id=\"672b8dc\" data-element_type=\"container\">\n\t\t\t\t<div class=\"elementor-element elementor-element-794abf9 elementor-widget__width-initial elementor-widget-mobile__width-initial elementor-widget elementor-widget-avas-portfolio\" data-id=\"794abf9\" data-element_type=\"widget\" data-widget_type=\"avas-portfolio.default\">\n\t\t\t\t<div class=\"elementor-widget-container\">\n\t\t\t\t\t\n    <div class=\"tx-row\">\n    \n    <div class=\"tx-portfolio\">\n    \n    <div class=\"col-lg-2 col-sm-4 effects-4 tx-portfolio-item divisiones card-v\">\n                <a href=\"https:\/\/dev.corporacionladylee.com\/wordpress\/portfolio\/division-inmobiliaria\/\" aria-label=\"View portfolio: Inmobiliaria\">\n        <span class=\"tx-sr-only\">View portfolio: Inmobiliaria<\/span>\n        <div class=\"tx-port-overlay\"> \n            \n            <div class=\"tx-port-img\">\n                                            \n                            \n                              <img decoding=\"async\" src=\"https:\/\/dev.corporacionladylee.com\/wordpress\/wp-content\/uploads\/2025\/05\/Materiales-web-CLL_Mesa-de-trabajo-1-copia-7-3-390x438.jpg\" alt=\"Inmobiliaria\" >\n                              \n            <\/div><!-- \/.tx-port-img -->\n            \n            <div class=\"tx-port-overlay-content\">\n                <div class=\"tx-port-overlay-content-wrap\">\n\n                                <div class=\"tx-port-enlrg-link\">\n                  \n                                  \n                <\/div><!-- .\/tx-port-enlrg-link -->\n\n                <\/div><!-- tx-port-overlay-content-wrap -->\n\n            <\/div><!-- \/.tx-port-overlay-content -->\n\n        <\/div><!-- .\/tx-port-overlay --><\/a>\n\n            \n                  \n\n                                    <div class=\"tx-port-card-content\">\n                                                  <h4 class=\"tx-port-title\"><a href=\"https:\/\/dev.corporacionladylee.com\/wordpress\/portfolio\/division-inmobiliaria\/\">Inmobiliaria<\/a><\/h4>\n                                \n                            <\/div><!-- tx-port-card-content -->\n                    <\/div><!-- \/.tx-portfolio-item -->\n\n        \n    <div class=\"col-lg-2 col-sm-4 effects-4 tx-portfolio-item divisiones card-v\">\n                <a href=\"https:\/\/dev.corporacionladylee.com\/wordpress\/portfolio\/division-alimentos\/\" aria-label=\"View portfolio: Alimentos\">\n        <span class=\"tx-sr-only\">View portfolio: Alimentos<\/span>\n        <div class=\"tx-port-overlay\"> \n            \n            <div class=\"tx-port-img\">\n                                            \n                            \n                              <img decoding=\"async\" src=\"https:\/\/dev.corporacionladylee.com\/wordpress\/wp-content\/uploads\/2019\/10\/Imagenes-sitio-web-CLL-05-390x438.jpg\" alt=\"Alimentos\" >\n                              \n            <\/div><!-- \/.tx-port-img -->\n            \n            <div class=\"tx-port-overlay-content\">\n                <div class=\"tx-port-overlay-content-wrap\">\n\n                                <div class=\"tx-port-enlrg-link\">\n                  \n                                  \n                <\/div><!-- .\/tx-port-enlrg-link -->\n\n                <\/div><!-- tx-port-overlay-content-wrap -->\n\n            <\/div><!-- \/.tx-port-overlay-content -->\n\n        <\/div><!-- .\/tx-port-overlay --><\/a>\n\n            \n                  \n\n                                    <div class=\"tx-port-card-content\">\n                                                  <h4 class=\"tx-port-title\"><a href=\"https:\/\/dev.corporacionladylee.com\/wordpress\/portfolio\/division-alimentos\/\">Alimentos<\/a><\/h4>\n                                \n                            <\/div><!-- tx-port-card-content -->\n                    <\/div><!-- \/.tx-portfolio-item -->\n\n        \n    <div class=\"col-lg-2 col-sm-4 effects-4 tx-portfolio-item divisiones card-v\">\n                <a href=\"https:\/\/dev.corporacionladylee.com\/wordpress\/portfolio\/division-retail\/\" aria-label=\"View portfolio: Retail\">\n        <span class=\"tx-sr-only\">View portfolio: Retail<\/span>\n        <div class=\"tx-port-overlay\"> \n            \n            <div class=\"tx-port-img\">\n                                            \n                            \n                              <img decoding=\"async\" src=\"https:\/\/dev.corporacionladylee.com\/wordpress\/wp-content\/uploads\/2019\/10\/Materiales-web-CLL-80-2-390x438.jpg\" alt=\"Retail\" >\n                              \n            <\/div><!-- \/.tx-port-img -->\n            \n            <div class=\"tx-port-overlay-content\">\n                <div class=\"tx-port-overlay-content-wrap\">\n\n                                <div class=\"tx-port-enlrg-link\">\n                  \n                                  \n                <\/div><!-- .\/tx-port-enlrg-link -->\n\n                <\/div><!-- tx-port-overlay-content-wrap -->\n\n            <\/div><!-- \/.tx-port-overlay-content -->\n\n        <\/div><!-- .\/tx-port-overlay --><\/a>\n\n            \n                  \n\n                                    <div class=\"tx-port-card-content\">\n                                                  <h4 class=\"tx-port-title\"><a href=\"https:\/\/dev.corporacionladylee.com\/wordpress\/portfolio\/division-retail\/\">Retail<\/a><\/h4>\n                                \n                            <\/div><!-- tx-port-card-content -->\n                    <\/div><!-- \/.tx-portfolio-item -->\n\n        \n    <div class=\"col-lg-2 col-sm-4 effects-4 tx-portfolio-item divisiones card-v\">\n                <a href=\"https:\/\/dev.corporacionladylee.com\/wordpress\/portfolio\/division-entretenimiento\/\" aria-label=\"View portfolio: Entretenimiento\">\n        <span class=\"tx-sr-only\">View portfolio: Entretenimiento<\/span>\n        <div class=\"tx-port-overlay\"> \n            \n            <div class=\"tx-port-img\">\n                                            \n                            \n                              <img decoding=\"async\" src=\"https:\/\/dev.corporacionladylee.com\/wordpress\/wp-content\/uploads\/2019\/10\/Materiales-web-CLL-73-390x438.jpg\" alt=\"Entretenimiento\" >\n                              \n            <\/div><!-- \/.tx-port-img -->\n            \n            <div class=\"tx-port-overlay-content\">\n                <div class=\"tx-port-overlay-content-wrap\">\n\n                                <div class=\"tx-port-enlrg-link\">\n                  \n                                  \n                <\/div><!-- .\/tx-port-enlrg-link -->\n\n                <\/div><!-- tx-port-overlay-content-wrap -->\n\n            <\/div><!-- \/.tx-port-overlay-content -->\n\n        <\/div><!-- .\/tx-port-overlay --><\/a>\n\n            \n                  \n\n                                    <div class=\"tx-port-card-content\">\n                                                  <h4 class=\"tx-port-title\"><a href=\"https:\/\/dev.corporacionladylee.com\/wordpress\/portfolio\/division-entretenimiento\/\">Entretenimiento<\/a><\/h4>\n                                \n                            <\/div><!-- tx-port-card-content -->\n                    <\/div><!-- \/.tx-portfolio-item -->\n\n        \n    <div class=\"col-lg-2 col-sm-4 effects-4 tx-portfolio-item divisiones card-v\">\n                <a href=\"https:\/\/dev.corporacionladylee.com\/wordpress\/portfolio\/division-servicios\/\" aria-label=\"View portfolio: Servicios\">\n        <span class=\"tx-sr-only\">View portfolio: Servicios<\/span>\n        <div class=\"tx-port-overlay\"> \n            \n            <div class=\"tx-port-img\">\n                                            \n                            \n                              <img decoding=\"async\" src=\"https:\/\/dev.corporacionladylee.com\/wordpress\/wp-content\/uploads\/2019\/10\/Galeria-web-CLL-62-390x438.jpg\" alt=\"Servicios\" >\n                              \n            <\/div><!-- \/.tx-port-img -->\n            \n            <div class=\"tx-port-overlay-content\">\n                <div class=\"tx-port-overlay-content-wrap\">\n\n                                <div class=\"tx-port-enlrg-link\">\n                  \n                                  \n                <\/div><!-- .\/tx-port-enlrg-link -->\n\n                <\/div><!-- tx-port-overlay-content-wrap -->\n\n            <\/div><!-- \/.tx-port-overlay-content -->\n\n        <\/div><!-- .\/tx-port-overlay --><\/a>\n\n            \n                  \n\n                                    <div class=\"tx-port-card-content\">\n                                                  <h4 class=\"tx-port-title\"><a href=\"https:\/\/dev.corporacionladylee.com\/wordpress\/portfolio\/division-servicios\/\">Servicios<\/a><\/h4>\n                                \n                            <\/div><!-- tx-port-card-content -->\n                    <\/div><!-- \/.tx-portfolio-item -->\n\n        \n    <div class=\"col-lg-2 col-sm-4 effects-4 tx-portfolio-item divisiones card-v\">\n                <a href=\"https:\/\/dev.corporacionladylee.com\/wordpress\/portfolio\/division-hospitalidad\/\" aria-label=\"View portfolio: Hospitalidad\">\n        <span class=\"tx-sr-only\">View portfolio: Hospitalidad<\/span>\n        <div class=\"tx-port-overlay\"> \n            \n            <div class=\"tx-port-img\">\n                                            \n                            \n                              <img decoding=\"async\" src=\"https:\/\/dev.corporacionladylee.com\/wordpress\/wp-content\/uploads\/2019\/10\/Galeria-web-CLL-71-390x438.jpg\" alt=\"Hospitalidad\" >\n                              \n            <\/div><!-- \/.tx-port-img -->\n            \n            <div class=\"tx-port-overlay-content\">\n                <div class=\"tx-port-overlay-content-wrap\">\n\n                                <div class=\"tx-port-enlrg-link\">\n                  \n                                  \n                <\/div><!-- .\/tx-port-enlrg-link -->\n\n                <\/div><!-- tx-port-overlay-content-wrap -->\n\n            <\/div><!-- \/.tx-port-overlay-content -->\n\n        <\/div><!-- .\/tx-port-overlay --><\/a>\n\n            \n                  \n\n                                    <div class=\"tx-port-card-content\">\n                                                  <h4 class=\"tx-port-title\"><a href=\"https:\/\/dev.corporacionladylee.com\/wordpress\/portfolio\/division-hospitalidad\/\">Hospitalidad<\/a><\/h4>\n                                \n                            <\/div><!-- tx-port-card-content -->\n                    <\/div><!-- \/.tx-portfolio-item -->\n\n                \n                <\/div><!-- \/.tx-portfolio -->\n      \n    <div class=\"clearfix\"><\/div>\n<\/div> <!-- .\/tx-row -->\n\n\n\t\t\t\t<\/div>\n\t\t\t\t<\/div>\n\t\t\t\t<\/div>\n\t\t\t\t\t<\/div>\n\t\t\t\t<\/div>\n\t\t<div class=\"elementor-element elementor-element-3d035ef e-flex e-con-boxed e-con e-parent\" data-id=\"3d035ef\" data-element_type=\"container\">\n\t\t\t\t\t<div class=\"e-con-inner\">\n\t\t\t\t<div class=\"elementor-element elementor-element-12ccb21 elementor-widget elementor-widget-text-editor\" data-id=\"12ccb21\" data-element_type=\"widget\" data-widget_type=\"text-editor.default\">\n\t\t\t\t<div class=\"elementor-widget-container\">\n\t\t\t\t\t\t\t\t\t<p>\n  <span style=\"color:#7a7a7a;\">A lo largo de su trayectoria,<\/span>\n  <strong><span style=\"color:#00ccff;\"> Corporaci\u00f3n Lady Lee<\/span><\/strong>\n  <span style=\"color:#7a7a7a;\">\n    ha demostrado un firme compromiso con la innovaci\u00f3n, la evoluci\u00f3n constante y el desarrollo integral de Honduras.\n    Esta visi\u00f3n ha sido posible gracias a un proceso estrat\u00e9gico de diversificaci\u00f3n que ha permitido a la corporaci\u00f3n\n    expandir su presencia y liderazgo en distintos sectores del mercado.\n    Actualmente, este crecimiento se ve reflejado en la consolidaci\u00f3n de\n    <strong>seis divisiones de negocios<\/strong>\n    que conforman un portafolio integral de productos y servicios, enfocados en mejorar la calidad de vida de las personas,\n    generar empleo y contribuir al desarrollo econ\u00f3mico del pa\u00eds.\n  <\/span>\n<\/p>\n<ol>\n  <li>\n    <strong><span style=\"color:#00ccff;\">Divisi\u00f3n Retail<\/span><\/strong><br>\n    <span style=\"color:#7a7a7a;\">\n      Esta divisi\u00f3n ha sido el pilar original de la corporaci\u00f3n y contin\u00faa siendo una de las m\u00e1s reconocidas en el mercado hondure\u00f1o.\n      A trav\u00e9s de sus tiendas por departamentos y formatos especializados, ofrece una amplia variedad de productos para el hogar,\n      la tecnolog\u00eda, la moda y m\u00e1s, manteniendo siempre un enfoque en la accesibilidad, la calidad y la experiencia del cliente.\n    <\/span>\n  <\/li>\n\n  <li>\n    <strong><span style=\"color:#00ccff;\">Divisi\u00f3n Alimentos<\/span><\/strong><br>\n    <span style=\"color:#7a7a7a;\">\n      Con el objetivo de brindar opciones gastron\u00f3micas de alto nivel, esta divisi\u00f3n agrupa exitosas franquicias internacionales\n      y marcas propias en el rubro de alimentos. Su presencia ha transformado la experiencia culinaria en Honduras,\n      ofreciendo propuestas innovadoras que combinan sabor, calidad y un excelente servicio al cliente.\n    <\/span>\n  <\/li>\n\n  <li>\n    <strong><span style=\"color:#00ccff;\">Divisi\u00f3n Inmobiliaria<\/span><\/strong><br>\n    <span style=\"color:#7a7a7a;\">\n      Esta \u00e1rea est\u00e1 dedicada al desarrollo de proyectos urban\u00edsticos y comerciales de alto impacto, tales como centros comerciales,\n      espacios corporativos y residenciales. La visi\u00f3n de esta divisi\u00f3n es crear infraestructuras modernas, funcionales y sostenibles,\n      que respondan a las necesidades de las comunidades y promuevan el crecimiento urbano ordenado.\n    <\/span>\n  <\/li>\n\n  <li>\n    <strong><span style=\"color:#00ccff;\">Divisi\u00f3n Servicios<\/span><\/strong><br>\n    <span style=\"color:#7a7a7a;\">\n      Esta divisi\u00f3n engloba una amplia gama de soluciones estrat\u00e9gicas que complementan y fortalecen la operaci\u00f3n integral\n      de la corporaci\u00f3n y sus marcas. Incluye la operaci\u00f3n de una <strong>agencia de publicidad<\/strong> que desarrolla campa\u00f1as\n      creativas, digitales y multicanal. Tambi\u00e9n forma parte una moderna <strong>cadena de gimnasios<\/strong> que promueve el bienestar.\n      Adem\u00e1s, se incorporan servicios de <strong>dise\u00f1o, remodelaci\u00f3n y construcci\u00f3n<\/strong> y la gesti\u00f3n de\n      <strong>espacios de coworking<\/strong>.\n    <\/span>\n  <\/li>\n\n  <li>\n    <strong><span style=\"color:#00ccff;\">Divisi\u00f3n Entretenimiento<\/span><\/strong><br>\n    <span style=\"color:#7a7a7a;\">\n      Comprometida con el bienestar y la recreaci\u00f3n de las familias hondure\u00f1as, esta divisi\u00f3n desarrolla espacios de entretenimiento\n      que promueven la convivencia y el disfrute, ofreciendo experiencias memorables para todas las edades.\n    <\/span>\n  <\/li>\n\n  <li>\n    <strong><span style=\"color:#00ccff;\">Divisi\u00f3n Hospitalidad<\/span><\/strong><br>\n    <span style=\"color:#7a7a7a;\">\n      Como parte de su visi\u00f3n de expansi\u00f3n regional y su apuesta por el turismo, esta divisi\u00f3n se enfoca en el desarrollo\n      de proyectos hoteleros de clase mundial, posicionando a Honduras como un destino atractivo para visitantes nacionales\n      e internacionales.\n    <\/span>\n  <\/li>\n<\/ol>\n\t\t\t\t\t\t\t\t<\/div>\n\t\t\t\t<\/div>\n\t\t\t\t\t<\/div>\n\t\t\t\t<\/div>\n\t\t\t\t<\/div>\n\t\t","protected":false},"excerpt":{"rendered":"<p class=\"tx-excerpt\">Lorem ipsum dolor sit amet consectetur adipiscing elit sed do eiusmod tempor incididunt ut labore et dolore magna aliqua. Ut enim ad minim veniam quis nostrud exercitation ullamco laboris nisi ut aliquip exea commodo...<\/p>","protected":false},"author":3,"featured_media":0,"parent":0,"menu_order":0,"comment_status":"closed","ping_status":"closed","template":"","meta":{"inline_featured_image":false,"footnotes":""},"class_list":["post-16755","page","type-page","status-publish","hentry"],"_links":{"self":[{"href":"https:\/\/dev.corporacionladylee.com\/wordpress\/wp-json\/wp\/v2\/pages\/16755","targetHints":{"allow":["GET"]}}],"collection":[{"href":"https:\/\/dev.corporacionladylee.com\/wordpress\/wp-json\/wp\/v2\/pages"}],"about":[{"href":"https:\/\/dev.corporacionladylee.com\/wordpress\/wp-json\/wp\/v2\/types\/page"}],"author":[{"embeddable":true,"href":"https:\/\/dev.corporacionladylee.com\/wordpress\/wp-json\/wp\/v2\/users\/3"}],"replies":[{"embeddable":true,"href":"https:\/\/dev.corporacionladylee.com\/wordpress\/wp-json\/wp\/v2\/comments?post=16755"}],"version-history":[{"count":92,"href":"https:\/\/dev.corporacionladylee.com\/wordpress\/wp-json\/wp\/v2\/pages\/16755\/revisions"}],"predecessor-version":[{"id":20039,"href":"https:\/\/dev.corporacionladylee.com\/wordpress\/wp-json\/wp\/v2\/pages\/16755\/revisions\/20039"}],"wp:attachment":[{"href":"https:\/\/dev.corporacionladylee.com\/wordpress\/wp-json\/wp\/v2\/media?parent=16755"}],"curies":[{"name":"wp","href":"https:\/\/api.w.org\/{rel}","templated":true}]}}