{"id":16715,"date":"2025-05-29T19:11:17","date_gmt":"2025-05-29T17:11:17","guid":{"rendered":"https:\/\/dev.corporacionladylee.com\/wordpress\/?page_id=16715"},"modified":"2025-08-05T23:06:51","modified_gmt":"2025-08-05T21:06:51","slug":"proyectos-2","status":"publish","type":"page","link":"https:\/\/dev.corporacionladylee.com\/wordpress\/proyectos-2\/","title":{"rendered":"Proyectos"},"content":{"rendered":"\t\t<div data-elementor-type=\"wp-page\" data-elementor-id=\"16715\" class=\"elementor elementor-16715\">\n\t\t\t\t<div class=\"elementor-element elementor-element-cbd9196 e-con-full e-flex e-con e-parent\" data-id=\"cbd9196\" data-element_type=\"container\">\n\t\t\t\t<div class=\"elementor-element elementor-element-7776eba elementor-widget__width-initial elementor-widget elementor-widget-avas-portfolio\" data-id=\"7776eba\" data-element_type=\"widget\" data-widget_type=\"avas-portfolio.default\">\n\t\t\t\t<div class=\"elementor-widget-container\">\n\t\t\t\t\t\n    <div class=\"tx-row\">\n    \n    <div class=\"tx-portfolio\">\n    \n    <div class=\"col-lg-4 col-sm-6 effects-1 tx-portfolio-item proyectos grid-v\">\n                <a href=\"https:\/\/dev.corporacionladylee.com\/wordpress\/portfolio\/ventu-plaza\/\" aria-label=\"View portfolio: Ventu Plaza\">\n        <span class=\"tx-sr-only\">View portfolio: Ventu Plaza<\/span>\n        <div class=\"tx-port-overlay\"> \n            \n            <div class=\"tx-port-img\">\n                                            \n                            \n                              <img decoding=\"async\" src=\"https:\/\/dev.corporacionladylee.com\/wordpress\/wp-content\/uploads\/2025\/05\/Materiales-web-CLL-169-390x438.jpg\" alt=\"Ventu Plaza\" >\n                              \n            <\/div><!-- \/.tx-port-img -->\n            \n            <div class=\"tx-port-overlay-content\">\n                <div class=\"tx-port-overlay-content-wrap\">\n\n                                      \n\n                                  <h4 class=\"tx-port-title\"><a href=\"https:\/\/dev.corporacionladylee.com\/wordpress\/portfolio\/ventu-plaza\/\">Ventu Plaza<\/a><\/h4>\n                                \n                                                <div class=\"tx-port-enlrg-link\">\n                  \n                                  \n                <\/div><!-- .\/tx-port-enlrg-link -->\n\n                <\/div><!-- tx-port-overlay-content-wrap -->\n\n            <\/div><!-- \/.tx-port-overlay-content -->\n\n        <\/div><!-- .\/tx-port-overlay --><\/a>\n\n            \n                  \n\n                                <\/div><!-- \/.tx-portfolio-item -->\n\n        \n    <div class=\"col-lg-4 col-sm-6 effects-1 tx-portfolio-item proyectos grid-v\">\n                <a href=\"https:\/\/dev.corporacionladylee.com\/wordpress\/portfolio\/city-center\/\" aria-label=\"View portfolio: City Center by Lady Lee\">\n        <span class=\"tx-sr-only\">View portfolio: City Center by Lady Lee<\/span>\n        <div class=\"tx-port-overlay\"> \n            \n            <div class=\"tx-port-img\">\n                                            \n                            \n                              <img decoding=\"async\" src=\"https:\/\/dev.corporacionladylee.com\/wordpress\/wp-content\/uploads\/2025\/05\/Materiales-web-CLL_-167-390x438.jpg\" alt=\"City Center by Lady Lee\" >\n                              \n            <\/div><!-- \/.tx-port-img -->\n            \n            <div class=\"tx-port-overlay-content\">\n                <div class=\"tx-port-overlay-content-wrap\">\n\n                                      \n\n                                  <h4 class=\"tx-port-title\"><a href=\"https:\/\/dev.corporacionladylee.com\/wordpress\/portfolio\/city-center\/\">City Center by Lady Lee<\/a><\/h4>\n                                \n                                                <div class=\"tx-port-enlrg-link\">\n                  \n                                  \n                <\/div><!-- .\/tx-port-enlrg-link -->\n\n                <\/div><!-- tx-port-overlay-content-wrap -->\n\n            <\/div><!-- \/.tx-port-overlay-content -->\n\n        <\/div><!-- .\/tx-port-overlay --><\/a>\n\n            \n                  \n\n                                <\/div><!-- \/.tx-portfolio-item -->\n\n        \n    <div class=\"col-lg-4 col-sm-6 effects-1 tx-portfolio-item proyectos grid-v\">\n                <a href=\"https:\/\/dev.corporacionladylee.com\/wordpress\/portfolio\/novaplaza\/\" aria-label=\"View portfolio: Novaplaza\">\n        <span class=\"tx-sr-only\">View portfolio: Novaplaza<\/span>\n        <div class=\"tx-port-overlay\"> \n            \n            <div class=\"tx-port-img\">\n                                            \n                            \n                              <img decoding=\"async\" src=\"https:\/\/dev.corporacionladylee.com\/wordpress\/wp-content\/uploads\/2025\/08\/Banners-web-CLL-actualizados_Mesa-de-trabajo-1-copia-7-1-1-390x438.jpg\" alt=\"Novaplaza\" >\n                              \n            <\/div><!-- \/.tx-port-img -->\n            \n            <div class=\"tx-port-overlay-content\">\n                <div class=\"tx-port-overlay-content-wrap\">\n\n                                      \n\n                                  <h4 class=\"tx-port-title\"><a href=\"https:\/\/dev.corporacionladylee.com\/wordpress\/portfolio\/novaplaza\/\">Novaplaza<\/a><\/h4>\n                                \n                                                <div class=\"tx-port-enlrg-link\">\n                  \n                                  \n                <\/div><!-- .\/tx-port-enlrg-link -->\n\n                <\/div><!-- tx-port-overlay-content-wrap -->\n\n            <\/div><!-- \/.tx-port-overlay-content -->\n\n        <\/div><!-- .\/tx-port-overlay --><\/a>\n\n            \n                  \n\n                                <\/div><!-- \/.tx-portfolio-item -->\n\n                \n                <\/div><!-- \/.tx-portfolio -->\n      \n    <div class=\"clearfix\"><\/div>\n<\/div> <!-- .\/tx-row -->\n\n\n\t\t\t\t<\/div>\n\t\t\t\t<\/div>\n\t\t\t\t<\/div>\n\t\t\t\t<\/div>\n\t\t","protected":false},"excerpt":{"rendered":"<p class=\"tx-excerpt\">Con seis plazas en operaci\u00f3n en las ciudades m\u00e1s importantes de Honduras, Novaplaza contin\u00faa su expansi\u00f3n, llevando su exitoso modelo comercial a nuevas zonas del pa\u00eds. Dise\u00f1ado por Corporaci\u00f3n Lady Lee como un espacio...<\/p>","protected":false},"author":3,"featured_media":0,"parent":0,"menu_order":0,"comment_status":"closed","ping_status":"closed","template":"","meta":{"inline_featured_image":false,"footnotes":""},"class_list":["post-16715","page","type-page","status-publish","hentry"],"_links":{"self":[{"href":"https:\/\/dev.corporacionladylee.com\/wordpress\/wp-json\/wp\/v2\/pages\/16715","targetHints":{"allow":["GET"]}}],"collection":[{"href":"https:\/\/dev.corporacionladylee.com\/wordpress\/wp-json\/wp\/v2\/pages"}],"about":[{"href":"https:\/\/dev.corporacionladylee.com\/wordpress\/wp-json\/wp\/v2\/types\/page"}],"author":[{"embeddable":true,"href":"https:\/\/dev.corporacionladylee.com\/wordpress\/wp-json\/wp\/v2\/users\/3"}],"replies":[{"embeddable":true,"href":"https:\/\/dev.corporacionladylee.com\/wordpress\/wp-json\/wp\/v2\/comments?post=16715"}],"version-history":[{"count":22,"href":"https:\/\/dev.corporacionladylee.com\/wordpress\/wp-json\/wp\/v2\/pages\/16715\/revisions"}],"predecessor-version":[{"id":17891,"href":"https:\/\/dev.corporacionladylee.com\/wordpress\/wp-json\/wp\/v2\/pages\/16715\/revisions\/17891"}],"wp:attachment":[{"href":"https:\/\/dev.corporacionladylee.com\/wordpress\/wp-json\/wp\/v2\/media?parent=16715"}],"curies":[{"name":"wp","href":"https:\/\/api.w.org\/{rel}","templated":true}]}}